{"id":103,"date":"2020-10-20T10:38:04","date_gmt":"2020-10-20T10:38:04","guid":{"rendered":"https:\/\/demo.artureanec.com\/themes\/wildworld\/?page_id=103"},"modified":"2024-02-23T08:07:03","modified_gmt":"2024-02-23T08:07:03","slug":"informatii","status":"publish","type":"page","link":"https:\/\/www.salvamontsibiu.ro\/?page_id=103","title":{"rendered":"Informa\u021bii"},"content":{"rendered":"\t\t<div data-elementor-type=\"wp-page\" data-elementor-id=\"103\" class=\"elementor elementor-103\">\n\t\t\t\t\t\t\t\t\t<section class=\"elementor-section elementor-top-section elementor-element elementor-element-27d40f5 elementor-section-boxed elementor-section-height-default elementor-section-height-default\" data-id=\"27d40f5\" data-element_type=\"section\">\n\t\t\t\t\t\t<div class=\"elementor-container elementor-column-gap-default\">\n\t\t\t\t\t<div class=\"elementor-column elementor-col-100 elementor-top-column elementor-element elementor-element-1c4abec\" data-id=\"1c4abec\" data-element_type=\"column\">\n\t\t\t<div class=\"elementor-widget-wrap elementor-element-populated\">\n\t\t\t\t\t\t\t\t<div class=\"elementor-element elementor-element-36d3a53 elementor-widget elementor-widget-heading\" data-id=\"36d3a53\" data-element_type=\"widget\" data-widget_type=\"heading.default\">\n\t\t\t\t<div class=\"elementor-widget-container\">\n\t\t\t<h2 class=\"elementor-heading-title elementor-size-default\"><a href=\"https:\/\/www.salvamontsibiu.ro\/wp-content\/uploads\/2024\/02\/Anunt-concurs-final.pdf\">Anunt angajare din data de 23.02.2024<\/a><\/h2>\t\t<\/div>\n\t\t\t\t<\/div>\n\t\t\t\t\t<\/div>\n\t\t<\/div>\n\t\t\t\t\t\t\t<\/div>\n\t\t<\/section>\n\t\t\t\t<section class=\"elementor-section elementor-top-section elementor-element elementor-element-b3f8741 elementor-section-boxed elementor-section-height-default elementor-section-height-default\" data-id=\"b3f8741\" data-element_type=\"section\">\n\t\t\t\t\t\t<div class=\"elementor-container elementor-column-gap-default\">\n\t\t\t\t\t<div class=\"elementor-column elementor-col-100 elementor-top-column elementor-element elementor-element-89c257d\" data-id=\"89c257d\" data-element_type=\"column\">\n\t\t\t<div class=\"elementor-widget-wrap elementor-element-populated\">\n\t\t\t\t\t\t\t\t<div class=\"elementor-element elementor-element-d443d9d elementor-widget elementor-widget-wildworld_blog_listing\" data-id=\"d443d9d\" data-element_type=\"widget\" data-widget_type=\"wildworld_blog_listing.default\">\n\t\t\t\t<div class=\"elementor-widget-container\">\n\t\t\t\n        <div class=\"wildworld_blog_listing_widget\">\n            <div class=\"wildworld_blog_listing_wrapper\">\n                \n                    <div class=\"wildworld_blog_listing_item\">\n                                                    <h3 class=\"wildworld_blog_listing_title\">\n                                <a href=\"https:\/\/www.salvamontsibiu.ro\/?p=3872\">Anunt concurs salvator montan<\/a>\n                            <\/h3>\n                                                        <p class=\"wildworld_blog_listing_excerpt\">ANUN\u0162 Serviciul Public Jude\u0163ean SALVAMONT Sibiuanun\u0163\u0103 scoaterea la concurs a unui post de Salvator Montan grI I \u2013 pe o perioad\u0103 determinata &nbsp;1 an (2022-2023) &nbsp;si a unui post de Salvator montan pe o perioada nedeterminata gr &nbsp;II La concurs poate participa orice persoan\u0103 care \u00eendepline\u015fte cumulativ urm\u0103toarele condi\u0163ii: cunoa\u015fte...<\/p>\n                            \n                        <div class=\"wildworld_blog_listing_meta_container\">\n<!--                            <div class=\"wildworld_blog_listing_author\">-->\n<!--                                --><!--                                <span>--><!--<\/span>-->\n<!--                            <\/div>-->\n                            <div class=\"wildworld_blog_listing_link_cont\">\n                                <a class=\"wildworld_button\" href=\"https:\/\/www.salvamontsibiu.ro\/?p=3872\">Read More<\/a>\n                            <\/div>\n\n                            <div class=\"wildworld_blog_listing_comments\">\n                                <svg class=\"icon\">\n                                    <svg viewBox=\"0 0 510 510\" id=\"comment-23842\" xmlns=\"http:\/\/www.w3.org\/2000\/svg\">\n                                        <path d=\"M459 0H51C22.95 0 0 22.95 0 51v459l102-102h357c28.05 0 51-22.95 51-51V51c0-28.05-22.95-51-51-51z\"><\/path>\n                                    <\/svg>\n                                <\/svg>\n                                0                            <\/div>\n                        <\/div>\n                    <\/div>\n                    \n                    <div class=\"wildworld_blog_listing_item\">\n                                                    <h3 class=\"wildworld_blog_listing_title\">\n                                <a href=\"https:\/\/www.salvamontsibiu.ro\/?p=3392\">Interventie 14.03<\/a>\n                            <\/h3>\n                                                        <p class=\"wildworld_blog_listing_excerpt\">In cursul zilei de astazi ( 14.03) SPJ Salvamont Sibiu a fost alertat in urma unui apel privind un accident in zona montana in apropiere de Refugiul Rosengarten.O persoana de sex masculin cu posibila fractura de mana si picior in urma unui accident cu ATV-ul. Din pacate dupa furnizarea locatiei, victima impreuna cu ceilalti colegi [&hellip;]<\/p>\n                            \n                        <div class=\"wildworld_blog_listing_meta_container\">\n<!--                            <div class=\"wildworld_blog_listing_author\">-->\n<!--                                --><!--                                <span>--><!--<\/span>-->\n<!--                            <\/div>-->\n                            <div class=\"wildworld_blog_listing_link_cont\">\n                                <a class=\"wildworld_button\" href=\"https:\/\/www.salvamontsibiu.ro\/?p=3392\">Read More<\/a>\n                            <\/div>\n\n                            <div class=\"wildworld_blog_listing_comments\">\n                                <svg class=\"icon\">\n                                    <svg viewBox=\"0 0 510 510\" id=\"comment-34080\" xmlns=\"http:\/\/www.w3.org\/2000\/svg\">\n                                        <path d=\"M459 0H51C22.95 0 0 22.95 0 51v459l102-102h357c28.05 0 51-22.95 51-51V51c0-28.05-22.95-51-51-51z\"><\/path>\n                                    <\/svg>\n                                <\/svg>\n                                0                            <\/div>\n                        <\/div>\n                    <\/div>\n                    \n                    <div class=\"wildworld_blog_listing_item\">\n                                                    <h3 class=\"wildworld_blog_listing_title\">\n                                <a href=\"https:\/\/www.salvamontsibiu.ro\/?p=2932\">Avertizare avalan\u0219\u0103 19 Martie 2021<\/a>\n                            <\/h3>\n                                                        <p class=\"wildworld_blog_listing_excerpt\">Datorit\u0103 cantit\u0103\u021bii mari de z\u0103pad\u0103 instabil\u0103, exist\u0103 riscul declan\u0219\u0103rii spontane a avalan\u0219elor de dimensiuni mari \u0219i medii, riscul fiind amplificat la supra\u00eenc\u0103rc\u0103ri oric\u00e2t de mici. Recomandam turistilor si practicantilor sporturilor de iarna sa NU se aventureze in zona montana in aceasta perioada.<\/p>\n                            \n                        <div class=\"wildworld_blog_listing_meta_container\">\n<!--                            <div class=\"wildworld_blog_listing_author\">-->\n<!--                                --><!--                                <span>--><!--<\/span>-->\n<!--                            <\/div>-->\n                            <div class=\"wildworld_blog_listing_link_cont\">\n                                <a class=\"wildworld_button\" href=\"https:\/\/www.salvamontsibiu.ro\/?p=2932\">Read More<\/a>\n                            <\/div>\n\n                            <div class=\"wildworld_blog_listing_comments\">\n                                <svg class=\"icon\">\n                                    <svg viewBox=\"0 0 510 510\" id=\"comment-8137\" xmlns=\"http:\/\/www.w3.org\/2000\/svg\">\n                                        <path d=\"M459 0H51C22.95 0 0 22.95 0 51v459l102-102h357c28.05 0 51-22.95 51-51V51c0-28.05-22.95-51-51-51z\"><\/path>\n                                    <\/svg>\n                                <\/svg>\n                                0                            <\/div>\n                        <\/div>\n                    <\/div>\n                                <\/div>\n\n                            <div class=\"wildworld_pagination\">\n                                    <\/div>\n                        <\/div>\n        \t\t<\/div>\n\t\t\t\t<\/div>\n\t\t\t\t\t<\/div>\n\t\t<\/div>\n\t\t\t\t\t\t\t<\/div>\n\t\t<\/section>\n\t\t\t\t\t\t\t<\/div>\n\t\t","protected":false},"excerpt":{"rendered":"<p>Anunt angajare din data de 23.02.2024<\/p>\n","protected":false},"author":1,"featured_media":3073,"parent":0,"menu_order":0,"comment_status":"closed","ping_status":"closed","template":"","meta":{"footnotes":""},"class_list":["post-103","page","type-page","status-publish","has-post-thumbnail","hentry"],"_links":{"self":[{"href":"https:\/\/www.salvamontsibiu.ro\/index.php?rest_route=\/wp\/v2\/pages\/103","targetHints":{"allow":["GET"]}}],"collection":[{"href":"https:\/\/www.salvamontsibiu.ro\/index.php?rest_route=\/wp\/v2\/pages"}],"about":[{"href":"https:\/\/www.salvamontsibiu.ro\/index.php?rest_route=\/wp\/v2\/types\/page"}],"author":[{"embeddable":true,"href":"https:\/\/www.salvamontsibiu.ro\/index.php?rest_route=\/wp\/v2\/users\/1"}],"replies":[{"embeddable":true,"href":"https:\/\/www.salvamontsibiu.ro\/index.php?rest_route=%2Fwp%2Fv2%2Fcomments&post=103"}],"version-history":[{"count":7,"href":"https:\/\/www.salvamontsibiu.ro\/index.php?rest_route=\/wp\/v2\/pages\/103\/revisions"}],"predecessor-version":[{"id":4236,"href":"https:\/\/www.salvamontsibiu.ro\/index.php?rest_route=\/wp\/v2\/pages\/103\/revisions\/4236"}],"wp:featuredmedia":[{"embeddable":true,"href":"https:\/\/www.salvamontsibiu.ro\/index.php?rest_route=\/wp\/v2\/media\/3073"}],"wp:attachment":[{"href":"https:\/\/www.salvamontsibiu.ro\/index.php?rest_route=%2Fwp%2Fv2%2Fmedia&parent=103"}],"curies":[{"name":"wp","href":"https:\/\/api.w.org\/{rel}","templated":true}]}}